{"id":18,"date":"2020-03-29T17:10:02","date_gmt":"2020-03-29T17:10:02","guid":{"rendered":"http:\/\/universalcheck.se\/?page_id=18"},"modified":"2021-02-02T13:33:14","modified_gmt":"2021-02-02T13:33:14","slug":"kontakt","status":"publish","type":"page","link":"https:\/\/universalcheck.se\/en\/kontakt\/","title":{"rendered":"CONTACT US"},"content":{"rendered":"<div id=\"pl-18\"  class=\"panel-layout\" ><div id=\"pg-18-0\"  class=\"panel-grid panel-has-style\" ><div style=\"padding-top: 100px; \" class=\"panel-row-style panel-row-style-for-18-0\" ><div id=\"pgc-18-0-0\"  class=\"panel-grid-cell\" ><div id=\"panel-18-0-0-0\" class=\"so-panel widget widget_sow-editor panel-first-child panel-last-child\" data-index=\"0\" ><div\n\t\t\t\n\t\t\tclass=\"so-widget-sow-editor so-widget-sow-editor-base\"\n\t\t\t\n\t\t>\n<div class=\"siteorigin-widget-tinymce textwidget\">\n\t<h3>CONTACT US<\/h3>\n<\/div>\n<\/div><\/div><\/div><\/div><\/div><div id=\"pg-18-1\"  class=\"panel-grid panel-no-style\" ><div id=\"pgc-18-1-0\"  class=\"panel-grid-cell\" ><div id=\"panel-18-1-0-0\" class=\"so-panel widget widget_sow-editor panel-first-child\" data-index=\"1\" ><div\n\t\t\t\n\t\t\tclass=\"so-widget-sow-editor so-widget-sow-editor-base\"\n\t\t\t\n\t\t>\n<div class=\"siteorigin-widget-tinymce textwidget\">\n\t<p><strong>Tomas Gr\u00f6nberg<\/strong><br \/>\nPartnerships and strategy<br \/>\n+46 (0) 767 80 82 18<br \/>\n<a href=\"mailto:tomas.gronberg@universalcheck.se\">tomas.gronberg@universalcheck.se<\/a><\/p>\n<\/div>\n<\/div><\/div><div id=\"panel-18-1-0-1\" class=\"so-panel widget widget_sow-editor\" data-index=\"2\" ><div\n\t\t\t\n\t\t\tclass=\"so-widget-sow-editor so-widget-sow-editor-base\"\n\t\t\t\n\t\t>\n<div class=\"siteorigin-widget-tinymce textwidget\">\n\t<p><strong>Johan Johansson<\/strong><br \/>\nStrategy<br \/>\n+46 (0) 736 88 96 49<br \/>\n<a href=\"mailto:johan.johansson@universalcheck.se\">johan.johansson@universalcheck.se<\/a><\/p>\n<\/div>\n<\/div><\/div><div id=\"panel-18-1-0-2\" class=\"so-panel widget widget_sow-editor panel-last-child\" data-index=\"3\" ><div\n\t\t\t\n\t\t\tclass=\"so-widget-sow-editor so-widget-sow-editor-base\"\n\t\t\t\n\t\t>\n<div class=\"siteorigin-widget-tinymce textwidget\">\n\t<p><strong>Staffan Hult\u00e9n<\/strong><br \/>\nAnalysis<br \/>\n+46 (0) 70 324 91 93<br \/>\n<a href=\"mailto:staffan.hulten@universalcheck.se\">staffan.hulten@universalcheck.se<\/a><\/p>\n<\/div>\n<\/div><\/div><\/div><div id=\"pgc-18-1-1\"  class=\"panel-grid-cell\" ><div id=\"panel-18-1-1-0\" class=\"so-panel widget widget_sow-editor panel-first-child\" data-index=\"4\" ><div\n\t\t\t\n\t\t\tclass=\"so-widget-sow-editor so-widget-sow-editor-base\"\n\t\t\t\n\t\t>\n<div class=\"siteorigin-widget-tinymce textwidget\">\n\t<p><strong>John Jacobson<\/strong><br \/>\nDesign<br \/>\n+46 (0) 703 66 13 68<br \/>\n<a href=\"mailto:john.jacobson@universalcheck.se\">john.jacobson@universalcheck.se<\/a><\/p>\n<\/div>\n<\/div><\/div><div id=\"panel-18-1-1-1\" class=\"so-panel widget widget_sow-editor panel-last-child\" data-index=\"5\" ><div\n\t\t\t\n\t\t\tclass=\"so-widget-sow-editor so-widget-sow-editor-base\"\n\t\t\t\n\t\t>\n<div class=\"siteorigin-widget-tinymce textwidget\">\n\t<p><strong>Bengt Norvik<\/strong><br \/>\nEconomy<br \/>\n+46 (0) 730 74 68 00<br \/>\n<a href=\"mailto:bengt.norvik@universalcheck.se\">bengt.norvik@universalcheck.se<\/a><\/p>\n<\/div>\n<\/div><\/div><\/div><\/div><div id=\"pg-18-2\"  class=\"panel-grid panel-no-style\" ><div id=\"pgc-18-2-0\"  class=\"panel-grid-cell\" ><div id=\"panel-18-2-0-0\" class=\"so-panel widget widget_sow-editor panel-first-child panel-last-child\" data-index=\"6\" ><div\n\t\t\t\n\t\t\tclass=\"so-widget-sow-editor so-widget-sow-editor-base\"\n\t\t\t\n\t\t>\n<div class=\"siteorigin-widget-tinymce textwidget\">\n\t<p><em>Bank: L\u00e4nsf\u00f6rs\u00e4kringar Bank<\/em><br \/>\n<em>Accountants: PricewaterhouseCoopers<\/em><br \/>\n<em>Legal: Advokatfiman Lindahl KB<\/em><\/p>\n<h3>Contact<\/h3>\n<p><!-- \/wp:heading --><!-- wp:paragraph --><\/p>\n<div class=\"wpcf7 no-js\" id=\"wpcf7-f64-o1\" lang=\"sv-SE\" dir=\"ltr\" data-wpcf7-id=\"64\">\n<div class=\"screen-reader-response\">\n<p role=\"status\" aria-live=\"polite\" aria-atomic=\"true\">\n<ul><\/ul>\n<\/div>\n<form action=\"\/en\/wp-json\/wp\/v2\/pages\/18#wpcf7-f64-o1\" method=\"post\" class=\"wpcf7-form init\" aria-label=\"Contact\" novalidate=\"novalidate\" data-status=\"init\" data-trp-original-action=\"\/en\/wp-json\/wp\/v2\/pages\/18#wpcf7-f64-o1\">\n<fieldset class=\"hidden-fields-container\"><input type=\"hidden\" name=\"_wpcf7\" value=\"64\" \/><input type=\"hidden\" name=\"_wpcf7_version\" value=\"6.1.5\" \/><input type=\"hidden\" name=\"_wpcf7_locale\" value=\"sv_SE\" \/><input type=\"hidden\" name=\"_wpcf7_unit_tag\" value=\"wpcf7-f64-o1\" \/><input type=\"hidden\" name=\"_wpcf7_container_post\" value=\"0\" \/><input type=\"hidden\" name=\"_wpcf7_posted_data_hash\" value=\"\" \/><br \/>\n<\/fieldset>\n<p><label> Your name (Required)<br \/>\n<span class=\"wpcf7-form-control-wrap\" data-name=\"your-name\"><input size=\"40\" maxlength=\"400\" class=\"wpcf7-form-control wpcf7-text wpcf7-validates-as-required\" aria-required=\"true\" aria-invalid=\"false\" value=\"\" type=\"text\" name=\"your-name\" \/><\/span> <\/label>\n<\/p>\n<p><label> Your email (Required)<br \/>\n<span class=\"wpcf7-form-control-wrap\" data-name=\"your-email\"><input size=\"40\" maxlength=\"400\" class=\"wpcf7-form-control wpcf7-email wpcf7-validates-as-required wpcf7-text wpcf7-validates-as-email\" aria-required=\"true\" aria-invalid=\"false\" value=\"\" type=\"email\" name=\"your-email\" \/><\/span> <\/label>\n<\/p>\n<p><label> Subject<br \/>\n<span class=\"wpcf7-form-control-wrap\" data-name=\"your-subject\"><input size=\"40\" maxlength=\"400\" class=\"wpcf7-form-control wpcf7-text\" aria-invalid=\"false\" value=\"\" type=\"text\" name=\"your-subject\" \/><\/span> <\/label>\n<\/p>\n<p><label> Message<br \/>\n<span class=\"wpcf7-form-control-wrap\" data-name=\"your-message\"><textarea cols=\"40\" rows=\"10\" maxlength=\"2000\" class=\"wpcf7-form-control wpcf7-textarea\" aria-invalid=\"false\" name=\"your-message\"><\/textarea><\/span> <\/label>\n<\/p>\n<p><input class=\"wpcf7-form-control wpcf7-submit has-spinner\" type=\"submit\" value=\"Send\" \/>\n<\/p>\n<div class=\"wpcf7-response-output\" aria-hidden=\"true\"><\/div>\n<input type=\"hidden\" name=\"trp-form-language\" value=\"en\"\/><\/form>\n<\/div>\n<\/div>\n<\/div><\/div><\/div><\/div><\/div>","protected":false},"excerpt":{"rendered":"<p>Kontakta oss Tomas Gr\u00f6nberg Samarbeten och strategi +46 (0) 767 80 82 18 tomas.gronberg@universalcheck.se Johan Johansson Strateg +46 (0) 736 88 96 49 johan.johansson@universalcheck.se Staffan Hult\u00e9n Analys +46 (0) 70 324 91 93 staffan.hulten@universalcheck.se John Jacobson Design +46 (0) 703 66 13 68 john.jacobson@universalcheck.se Bengt Norvik Ekonomi +46 (0) 730 74 68 00 bengt.norvik@universalcheck.se<\/p>","protected":false},"author":1,"featured_media":0,"parent":0,"menu_order":0,"comment_status":"closed","ping_status":"closed","template":"","meta":{"footnotes":""},"class_list":["post-18","page","type-page","status-publish","hentry"],"yoast_head":"<!-- This site is optimized with the Yoast SEO plugin v27.4 - https:\/\/yoast.com\/product\/yoast-seo-wordpress\/ -->\n<title>Kontakta oss - Universal Check<\/title>\n<meta name=\"robots\" content=\"index, follow, max-snippet:-1, max-image-preview:large, max-video-preview:-1\" \/>\n<link rel=\"canonical\" href=\"http:\/\/universalcheck.se\/en\/kontakt\/\" \/>\n<meta property=\"og:locale\" content=\"en_US\" \/>\n<meta property=\"og:type\" content=\"article\" \/>\n<meta property=\"og:title\" content=\"Kontakta oss - Universal Check\" \/>\n<meta property=\"og:description\" content=\"Kontakta oss Tomas Gr\u00f6nberg Samarbeten och strategi +46 (0) 767 80 82 18 tomas.gronberg@universalcheck.se Johan Johansson Strateg +46 (0) 736 88 96 49 johan.johansson@universalcheck.se Staffan Hult\u00e9n Analys +46 (0) 70 324 91 93 staffan.hulten@universalcheck.se John Jacobson Design +46 (0) 703 66 13 68 john.jacobson@universalcheck.se Bengt Norvik Ekonomi +46 (0) 730 74 68 00 bengt.norvik@universalcheck.se\" \/>\n<meta property=\"og:url\" content=\"http:\/\/universalcheck.se\/en\/kontakt\/\" \/>\n<meta property=\"og:site_name\" content=\"Universal Check\" \/>\n<meta property=\"article:modified_time\" content=\"2021-02-02T13:33:14+00:00\" \/>\n<meta name=\"twitter:card\" content=\"summary_large_image\" \/>\n<script type=\"application\/ld+json\" class=\"yoast-schema-graph\">{\"@context\":\"https:\\\/\\\/schema.org\",\"@graph\":[{\"@type\":\"WebPage\",\"@id\":\"http:\\\/\\\/universalcheck.se\\\/kontakt\\\/\",\"url\":\"http:\\\/\\\/universalcheck.se\\\/kontakt\\\/\",\"name\":\"Kontakta oss - Universal Check\",\"isPartOf\":{\"@id\":\"http:\\\/\\\/universalcheck.se\\\/#website\"},\"datePublished\":\"2020-03-29T17:10:02+00:00\",\"dateModified\":\"2021-02-02T13:33:14+00:00\",\"breadcrumb\":{\"@id\":\"http:\\\/\\\/universalcheck.se\\\/kontakt\\\/#breadcrumb\"},\"inLanguage\":\"en-US\",\"potentialAction\":[{\"@type\":\"ReadAction\",\"target\":[\"http:\\\/\\\/universalcheck.se\\\/kontakt\\\/\"]}]},{\"@type\":\"BreadcrumbList\",\"@id\":\"http:\\\/\\\/universalcheck.se\\\/kontakt\\\/#breadcrumb\",\"itemListElement\":[{\"@type\":\"ListItem\",\"position\":1,\"name\":\"Hem\",\"item\":\"http:\\\/\\\/universalcheck.se\\\/en\\\/\"},{\"@type\":\"ListItem\",\"position\":2,\"name\":\"Kontakta oss\"}]},{\"@type\":\"WebSite\",\"@id\":\"http:\\\/\\\/universalcheck.se\\\/#website\",\"url\":\"http:\\\/\\\/universalcheck.se\\\/\",\"name\":\"Universal Check\",\"description\":\"\",\"potentialAction\":[{\"@type\":\"SearchAction\",\"target\":{\"@type\":\"EntryPoint\",\"urlTemplate\":\"http:\\\/\\\/universalcheck.se\\\/?s={search_term_string}\"},\"query-input\":{\"@type\":\"PropertyValueSpecification\",\"valueRequired\":true,\"valueName\":\"search_term_string\"}}],\"inLanguage\":\"en-US\"}]}<\/script>\n<!-- \/ Yoast SEO plugin. -->","yoast_head_json":{"title":"Kontakta oss - Universal Check","robots":{"index":"index","follow":"follow","max-snippet":"max-snippet:-1","max-image-preview":"max-image-preview:large","max-video-preview":"max-video-preview:-1"},"canonical":"http:\/\/universalcheck.se\/en\/kontakt\/","og_locale":"en_US","og_type":"article","og_title":"Kontakta oss - Universal Check","og_description":"Kontakta oss Tomas Gr\u00f6nberg Samarbeten och strategi +46 (0) 767 80 82 18 tomas.gronberg@universalcheck.se Johan Johansson Strateg +46 (0) 736 88 96 49 johan.johansson@universalcheck.se Staffan Hult\u00e9n Analys +46 (0) 70 324 91 93 staffan.hulten@universalcheck.se John Jacobson Design +46 (0) 703 66 13 68 john.jacobson@universalcheck.se Bengt Norvik Ekonomi +46 (0) 730 74 68 00 bengt.norvik@universalcheck.se","og_url":"http:\/\/universalcheck.se\/en\/kontakt\/","og_site_name":"Universal Check","article_modified_time":"2021-02-02T13:33:14+00:00","twitter_card":"summary_large_image","schema":{"@context":"https:\/\/schema.org","@graph":[{"@type":"WebPage","@id":"http:\/\/universalcheck.se\/kontakt\/","url":"http:\/\/universalcheck.se\/kontakt\/","name":"Kontakta oss - Universal Check","isPartOf":{"@id":"http:\/\/universalcheck.se\/#website"},"datePublished":"2020-03-29T17:10:02+00:00","dateModified":"2021-02-02T13:33:14+00:00","breadcrumb":{"@id":"http:\/\/universalcheck.se\/kontakt\/#breadcrumb"},"inLanguage":"en-US","potentialAction":[{"@type":"ReadAction","target":["http:\/\/universalcheck.se\/kontakt\/"]}]},{"@type":"BreadcrumbList","@id":"http:\/\/universalcheck.se\/kontakt\/#breadcrumb","itemListElement":[{"@type":"ListItem","position":1,"name":"Hem","item":"http:\/\/universalcheck.se\/en\/"},{"@type":"ListItem","position":2,"name":"Kontakta oss"}]},{"@type":"WebSite","@id":"http:\/\/universalcheck.se\/#website","url":"http:\/\/universalcheck.se\/","name":"Universal Check","description":"","potentialAction":[{"@type":"SearchAction","target":{"@type":"EntryPoint","urlTemplate":"http:\/\/universalcheck.se\/?s={search_term_string}"},"query-input":{"@type":"PropertyValueSpecification","valueRequired":true,"valueName":"search_term_string"}}],"inLanguage":"en-US"}]}},"_links":{"self":[{"href":"https:\/\/universalcheck.se\/en\/wp-json\/wp\/v2\/pages\/18","targetHints":{"allow":["GET"]}}],"collection":[{"href":"https:\/\/universalcheck.se\/en\/wp-json\/wp\/v2\/pages"}],"about":[{"href":"https:\/\/universalcheck.se\/en\/wp-json\/wp\/v2\/types\/page"}],"author":[{"embeddable":true,"href":"https:\/\/universalcheck.se\/en\/wp-json\/wp\/v2\/users\/1"}],"replies":[{"embeddable":true,"href":"https:\/\/universalcheck.se\/en\/wp-json\/wp\/v2\/comments?post=18"}],"version-history":[{"count":15,"href":"https:\/\/universalcheck.se\/en\/wp-json\/wp\/v2\/pages\/18\/revisions"}],"predecessor-version":[{"id":329,"href":"https:\/\/universalcheck.se\/en\/wp-json\/wp\/v2\/pages\/18\/revisions\/329"}],"wp:attachment":[{"href":"https:\/\/universalcheck.se\/en\/wp-json\/wp\/v2\/media?parent=18"}],"curies":[{"name":"wp","href":"https:\/\/api.w.org\/{rel}","templated":true}]}}