{"id":40,"date":"2020-03-29T19:15:13","date_gmt":"2020-03-29T19:15:13","guid":{"rendered":"http:\/\/universalcheck.se\/?page_id=40"},"modified":"2020-05-13T18:31:34","modified_gmt":"2020-05-13T18:31:34","slug":"startsida","status":"publish","type":"page","link":"https:\/\/universalcheck.se\/en\/","title":{"rendered":"Start"},"content":{"rendered":"<div id=\"pl-40\"  class=\"panel-layout\" ><div id=\"pg-40-0\"  class=\"panel-grid panel-has-style\" ><div style=\"padding-top: 25px; \" class=\"panel-row-style panel-row-style-for-40-0\" ><div id=\"pgc-40-0-0\"  class=\"panel-grid-cell\" ><div id=\"panel-40-0-0-0\" class=\"so-panel widget widget_sow-editor panel-first-child\" data-index=\"0\" ><div\n\t\t\t\n\t\t\tclass=\"so-widget-sow-editor so-widget-sow-editor-base\"\n\t\t\t\n\t\t>\n<div class=\"siteorigin-widget-tinymce textwidget\">\n\t<p><img loading=\"lazy\" decoding=\"async\" class=\"alignnone size-full wp-image-145\" src=\"http:\/\/media.universalcheck.se\/2020\/04\/Click-Image-Start.jpg\" alt=\"Herobild: f\u00f6dsel och st\u00e4ngsel\" width=\"2000\" height=\"1048\" srcset=\"http:\/\/media.universalcheck.se\/2020\/04\/Click-Image-Start.jpg 2000w, http:\/\/media.universalcheck.se\/2020\/04\/Click-Image-Start-300x157.jpg 300w, http:\/\/media.universalcheck.se\/2020\/04\/Click-Image-Start-1024x537.jpg 1024w, http:\/\/media.universalcheck.se\/2020\/04\/Click-Image-Start-150x79.jpg 150w, http:\/\/media.universalcheck.se\/2020\/04\/Click-Image-Start-768x402.jpg 768w, http:\/\/media.universalcheck.se\/2020\/04\/Click-Image-Start-1536x805.jpg 1536w\" sizes=\"auto, (max-width: 2000px) 100vw, 2000px\" \/><\/p>\n<\/div>\n<\/div><\/div><div id=\"panel-40-0-0-1\" class=\"so-panel widget widget_sow-editor\" data-index=\"1\" ><div\n\t\t\t\n\t\t\tclass=\"so-widget-sow-editor so-widget-sow-editor-base\"\n\t\t\t\n\t\t>\n<div class=\"siteorigin-widget-tinymce textwidget\">\n\t<h1>THINK TANK OF THE PUBLIC<\/h1>\n<\/div>\n<\/div><\/div><div id=\"panel-40-0-0-2\" class=\"so-panel widget widget_sow-editor panel-last-child\" data-index=\"2\" ><div\n\t\t\t\n\t\t\tclass=\"so-widget-sow-editor so-widget-sow-editor-base\"\n\t\t\t\n\t\t>\n<div class=\"siteorigin-widget-tinymce textwidget\">\n\t<p>In politics they often speak of think tanks, a kind of philosophic rooms where ideas are hatched and strategies are formulated. Universal Check is also a think tank, although without political ambitions. Our aim is to make living easier for suppliers as well as customers, to find convenient solutions that lower costs and make everyday life more favorable.<br \/>\nHowever <span style=\"color: #ff0000;\"><strong>one<\/strong><\/span> political ambition Universal Check do have. To strengthen democracy in society.<\/p>\n<\/div>\n<\/div><\/div><\/div><\/div><\/div><\/div>","protected":false},"excerpt":{"rendered":"<p>Allm\u00e4nhetens tankesmedja I politiken talas det ofta om tankesmedjor, en sorts filosofiska rum som kl\u00e4cker ideologiska id\u00e9er och formulerar strategier. Universal Check \u00e4r ocks\u00e5 en tankesmedja, om \u00e4n utan politiska ambitioner. V\u00e5rt m\u00e5l \u00e4r att g\u00f6ra tillvaron l\u00e4ttare f\u00f6r b\u00e5de leverant\u00f6rer och kunder, att hitta bekv\u00e4ma l\u00f6sningar som s\u00e4nker kostnader och underl\u00e4ttar vardagen. Fast en &hellip; <a href=\"https:\/\/universalcheck.se\/en\/\" title=\"Start\" class=\"read-more\">Read More<\/a><\/p>","protected":false},"author":1,"featured_media":0,"parent":0,"menu_order":0,"comment_status":"closed","ping_status":"closed","template":"","meta":{"footnotes":""},"class_list":["post-40","page","type-page","status-publish","hentry"],"yoast_head":"<!-- This site is optimized with the Yoast SEO plugin v27.4 - https:\/\/yoast.com\/product\/yoast-seo-wordpress\/ -->\n<title>Start - Universal Check<\/title>\n<meta name=\"robots\" content=\"index, follow, max-snippet:-1, max-image-preview:large, max-video-preview:-1\" \/>\n<link rel=\"canonical\" href=\"http:\/\/universalcheck.se\/en\/\" \/>\n<meta property=\"og:locale\" content=\"en_US\" \/>\n<meta property=\"og:type\" content=\"article\" \/>\n<meta property=\"og:title\" content=\"Start - Universal Check\" \/>\n<meta property=\"og:description\" content=\"Allm\u00e4nhetens tankesmedja I politiken talas det ofta om tankesmedjor, en sorts filosofiska rum som kl\u00e4cker ideologiska id\u00e9er och formulerar strategier. Universal Check \u00e4r ocks\u00e5 en tankesmedja, om \u00e4n utan politiska ambitioner. V\u00e5rt m\u00e5l \u00e4r att g\u00f6ra tillvaron l\u00e4ttare f\u00f6r b\u00e5de leverant\u00f6rer och kunder, att hitta bekv\u00e4ma l\u00f6sningar som s\u00e4nker kostnader och underl\u00e4ttar vardagen. Fast en [&hellip;]\" \/>\n<meta property=\"og:url\" content=\"http:\/\/universalcheck.se\/en\/\" \/>\n<meta property=\"og:site_name\" content=\"Universal Check\" \/>\n<meta property=\"article:modified_time\" content=\"2020-05-13T18:31:34+00:00\" \/>\n<meta property=\"og:image\" content=\"http:\/\/media.universalcheck.se\/2020\/04\/Click-Image-Start.jpg\" \/>\n<meta name=\"twitter:card\" content=\"summary_large_image\" \/>\n<script type=\"application\/ld+json\" class=\"yoast-schema-graph\">{\"@context\":\"https:\\\/\\\/schema.org\",\"@graph\":[{\"@type\":\"WebPage\",\"@id\":\"http:\\\/\\\/universalcheck.se\\\/en\\\/\",\"url\":\"http:\\\/\\\/universalcheck.se\\\/en\\\/\",\"name\":\"Start - Universal Check\",\"isPartOf\":{\"@id\":\"http:\\\/\\\/universalcheck.se\\\/#website\"},\"primaryImageOfPage\":{\"@id\":\"http:\\\/\\\/universalcheck.se\\\/en\\\/#primaryimage\"},\"image\":{\"@id\":\"http:\\\/\\\/universalcheck.se\\\/en\\\/#primaryimage\"},\"thumbnailUrl\":\"http:\\\/\\\/media.universalcheck.se\\\/2020\\\/04\\\/Click-Image-Start.jpg\",\"datePublished\":\"2020-03-29T19:15:13+00:00\",\"dateModified\":\"2020-05-13T18:31:34+00:00\",\"breadcrumb\":{\"@id\":\"http:\\\/\\\/universalcheck.se\\\/en\\\/#breadcrumb\"},\"inLanguage\":\"en-US\",\"potentialAction\":[{\"@type\":\"ReadAction\",\"target\":[\"http:\\\/\\\/universalcheck.se\\\/en\\\/\"]}]},{\"@type\":\"ImageObject\",\"inLanguage\":\"en-US\",\"@id\":\"http:\\\/\\\/universalcheck.se\\\/en\\\/#primaryimage\",\"url\":\"http:\\\/\\\/media.universalcheck.se\\\/2020\\\/04\\\/Click-Image-Start.jpg\",\"contentUrl\":\"http:\\\/\\\/media.universalcheck.se\\\/2020\\\/04\\\/Click-Image-Start.jpg\"},{\"@type\":\"BreadcrumbList\",\"@id\":\"http:\\\/\\\/universalcheck.se\\\/en\\\/#breadcrumb\",\"itemListElement\":[{\"@type\":\"ListItem\",\"position\":1,\"name\":\"Hem\",\"item\":\"http:\\\/\\\/universalcheck.se\\\/en\\\/\"},{\"@type\":\"ListItem\",\"position\":2,\"name\":\"Start\"}]},{\"@type\":\"WebSite\",\"@id\":\"http:\\\/\\\/universalcheck.se\\\/#website\",\"url\":\"http:\\\/\\\/universalcheck.se\\\/\",\"name\":\"Universal Check\",\"description\":\"\",\"potentialAction\":[{\"@type\":\"SearchAction\",\"target\":{\"@type\":\"EntryPoint\",\"urlTemplate\":\"http:\\\/\\\/universalcheck.se\\\/?s={search_term_string}\"},\"query-input\":{\"@type\":\"PropertyValueSpecification\",\"valueRequired\":true,\"valueName\":\"search_term_string\"}}],\"inLanguage\":\"en-US\"}]}<\/script>\n<!-- \/ Yoast SEO plugin. -->","yoast_head_json":{"title":"Start - Universal Check","robots":{"index":"index","follow":"follow","max-snippet":"max-snippet:-1","max-image-preview":"max-image-preview:large","max-video-preview":"max-video-preview:-1"},"canonical":"http:\/\/universalcheck.se\/en\/","og_locale":"en_US","og_type":"article","og_title":"Start - Universal Check","og_description":"Allm\u00e4nhetens tankesmedja I politiken talas det ofta om tankesmedjor, en sorts filosofiska rum som kl\u00e4cker ideologiska id\u00e9er och formulerar strategier. Universal Check \u00e4r ocks\u00e5 en tankesmedja, om \u00e4n utan politiska ambitioner. V\u00e5rt m\u00e5l \u00e4r att g\u00f6ra tillvaron l\u00e4ttare f\u00f6r b\u00e5de leverant\u00f6rer och kunder, att hitta bekv\u00e4ma l\u00f6sningar som s\u00e4nker kostnader och underl\u00e4ttar vardagen. Fast en [&hellip;]","og_url":"http:\/\/universalcheck.se\/en\/","og_site_name":"Universal Check","article_modified_time":"2020-05-13T18:31:34+00:00","og_image":[{"url":"http:\/\/media.universalcheck.se\/2020\/04\/Click-Image-Start.jpg","type":"","width":"","height":""}],"twitter_card":"summary_large_image","schema":{"@context":"https:\/\/schema.org","@graph":[{"@type":"WebPage","@id":"http:\/\/universalcheck.se\/en\/","url":"http:\/\/universalcheck.se\/en\/","name":"Start - Universal Check","isPartOf":{"@id":"http:\/\/universalcheck.se\/#website"},"primaryImageOfPage":{"@id":"http:\/\/universalcheck.se\/en\/#primaryimage"},"image":{"@id":"http:\/\/universalcheck.se\/en\/#primaryimage"},"thumbnailUrl":"http:\/\/media.universalcheck.se\/2020\/04\/Click-Image-Start.jpg","datePublished":"2020-03-29T19:15:13+00:00","dateModified":"2020-05-13T18:31:34+00:00","breadcrumb":{"@id":"http:\/\/universalcheck.se\/en\/#breadcrumb"},"inLanguage":"en-US","potentialAction":[{"@type":"ReadAction","target":["http:\/\/universalcheck.se\/en\/"]}]},{"@type":"ImageObject","inLanguage":"en-US","@id":"http:\/\/universalcheck.se\/en\/#primaryimage","url":"http:\/\/media.universalcheck.se\/2020\/04\/Click-Image-Start.jpg","contentUrl":"http:\/\/media.universalcheck.se\/2020\/04\/Click-Image-Start.jpg"},{"@type":"BreadcrumbList","@id":"http:\/\/universalcheck.se\/en\/#breadcrumb","itemListElement":[{"@type":"ListItem","position":1,"name":"Hem","item":"http:\/\/universalcheck.se\/en\/"},{"@type":"ListItem","position":2,"name":"Start"}]},{"@type":"WebSite","@id":"http:\/\/universalcheck.se\/#website","url":"http:\/\/universalcheck.se\/","name":"Universal Check","description":"","potentialAction":[{"@type":"SearchAction","target":{"@type":"EntryPoint","urlTemplate":"http:\/\/universalcheck.se\/?s={search_term_string}"},"query-input":{"@type":"PropertyValueSpecification","valueRequired":true,"valueName":"search_term_string"}}],"inLanguage":"en-US"}]}},"_links":{"self":[{"href":"https:\/\/universalcheck.se\/en\/wp-json\/wp\/v2\/pages\/40","targetHints":{"allow":["GET"]}}],"collection":[{"href":"https:\/\/universalcheck.se\/en\/wp-json\/wp\/v2\/pages"}],"about":[{"href":"https:\/\/universalcheck.se\/en\/wp-json\/wp\/v2\/types\/page"}],"author":[{"embeddable":true,"href":"https:\/\/universalcheck.se\/en\/wp-json\/wp\/v2\/users\/1"}],"replies":[{"embeddable":true,"href":"https:\/\/universalcheck.se\/en\/wp-json\/wp\/v2\/comments?post=40"}],"version-history":[{"count":50,"href":"https:\/\/universalcheck.se\/en\/wp-json\/wp\/v2\/pages\/40\/revisions"}],"predecessor-version":[{"id":289,"href":"https:\/\/universalcheck.se\/en\/wp-json\/wp\/v2\/pages\/40\/revisions\/289"}],"wp:attachment":[{"href":"https:\/\/universalcheck.se\/en\/wp-json\/wp\/v2\/media?parent=40"}],"curies":[{"name":"wp","href":"https:\/\/api.w.org\/{rel}","templated":true}]}}