{"id":67,"date":"2020-03-29T20:36:35","date_gmt":"2020-03-29T20:36:35","guid":{"rendered":"http:\/\/universalcheck.se\/?page_id=67"},"modified":"2020-05-15T12:53:13","modified_gmt":"2020-05-15T12:53:13","slug":"foretag-organisationer","status":"publish","type":"page","link":"https:\/\/universalcheck.se\/en\/foretag-organisationer\/","title":{"rendered":"COMPANIES &amp; ORGANIZATIONS"},"content":{"rendered":"<div id=\"pl-67\"  class=\"panel-layout\" ><div id=\"pg-67-0\"  class=\"panel-grid panel-has-style\" ><div style=\"padding-top: 25px; \" class=\"panel-row-style panel-row-style-for-67-0\" ><div id=\"pgc-67-0-0\"  class=\"panel-grid-cell panel-grid-cell-empty\" ><\/div><div id=\"pgc-67-0-1\"  class=\"panel-grid-cell panel-grid-cell-mobile-last\" ><div id=\"panel-67-0-1-0\" class=\"so-panel widget widget_sow-image panel-first-child\" data-index=\"0\" ><div\n\t\t\t\n\t\t\tclass=\"so-widget-sow-image so-widget-sow-image-default-8b5b6f678277-67\"\n\t\t\t\n\t\t>\n<div class=\"sow-image-container\">\n\t\t<img \n\tsrc=\"https:\/\/media.universalcheck.se\/2020\/05\/Click-Image-Fo\u0308reatag.jpg\" width=\"2000\" height=\"1048\" srcset=\"http:\/\/media.universalcheck.se\/2020\/05\/Click-Image-Fo\u0308reatag.jpg 2000w, http:\/\/media.universalcheck.se\/2020\/05\/Click-Image-Fo\u0308reatag-300x157.jpg 300w, http:\/\/media.universalcheck.se\/2020\/05\/Click-Image-Fo\u0308reatag-1024x537.jpg 1024w, http:\/\/media.universalcheck.se\/2020\/05\/Click-Image-Fo\u0308reatag-150x79.jpg 150w, http:\/\/media.universalcheck.se\/2020\/05\/Click-Image-Fo\u0308reatag-768x402.jpg 768w, http:\/\/media.universalcheck.se\/2020\/05\/Click-Image-Fo\u0308reatag-1536x805.jpg 1536w\" sizes=\"(max-width: 2000px) 100vw, 2000px\" alt=\"\" \t\tclass=\"so-widget-image\"\/>\n\t<\/div>\n\n<\/div><\/div><div id=\"panel-67-0-1-1\" class=\"so-panel widget widget_sow-editor\" data-index=\"1\" ><div\n\t\t\t\n\t\t\tclass=\"so-widget-sow-editor so-widget-sow-editor-base\"\n\t\t\t\n\t\t>\n<div class=\"siteorigin-widget-tinymce textwidget\">\n\t<h1>COMPANIES, GOVERNMENT CONTROLLED BUSINESSES, ORGANIZATIONS<\/h1>\n<\/div>\n<\/div><\/div><div id=\"panel-67-0-1-2\" class=\"so-panel widget widget_sow-editor\" data-index=\"2\" ><div\n\t\t\t\n\t\t\tclass=\"so-widget-sow-editor so-widget-sow-editor-base\"\n\t\t\t\n\t\t>\n<div class=\"siteorigin-widget-tinymce textwidget\">\n\t<h3><strong>NO ONE HAS SEEN THE END YET<\/strong><\/h3>\n<p><span class=\"s1\">You might think we have reached as far as we ever will when it comes to digitizing.<br \/>\n<\/span><span class=\"s1\">Twitter, Facebook, Instagram, e-mail in your cellphone, TV in your computer, Skype...the innovators have been really innovative regarding new gadgets in our machines and on our screens.<br \/>\n<\/span><span class=\"s1\">But there are new targets to strive towards. At least for those who want to disseminate information quickly, effectively and economically.<br \/>\n<\/span><span class=\"s1\">The road there is spelled Universal Check.<\/span><\/p>\n<\/div>\n<\/div><\/div><div id=\"panel-67-0-1-3\" class=\"so-panel widget widget_sow-editor\" data-index=\"3\" ><div\n\t\t\t\n\t\t\tclass=\"so-widget-sow-editor so-widget-sow-editor-base\"\n\t\t\t\n\t\t>\n<div class=\"siteorigin-widget-tinymce textwidget\">\n\t<h6>Home<\/h6>\n<h3 class=\"p1\"><span class=\"s1\">CHANGED HABITS HELP US WORK SMARTER<\/span><\/h3>\n<p class=\"p1\"><span class=\"s1\">Our routines change rapidly. That makes new demands on infrastructure and tools. By looking over and digitizing important processes staff as well as management can get access to right information at the right time and make better decisions. Simply work smarter.\nWith an iPad the possibilities to give relevant information are unlimited. It may also contribute to considerably higher IT security due to that delicate information can be shared in encrypted and closed systems.<\/span><\/p>\n<\/div>\n<\/div><\/div><div id=\"panel-67-0-1-4\" class=\"so-panel widget widget_sow-editor\" data-index=\"4\" ><div\n\t\t\t\n\t\t\tclass=\"so-widget-sow-editor so-widget-sow-editor-base\"\n\t\t\t\n\t\t>\n<div class=\"siteorigin-widget-tinymce textwidget\">\n\t<h6 id=\"foretagssystem\">COMPANY SYSTEMS<\/h6>\n<h3 class=\"p1\"><span class=\"s1\">FROM TOYS TO COMPANY SYSTEMS<\/span><\/h3>\n<p class=\"p1\"><span class=\"s1\">A lot of people have regarded iPad as an entire pleasure machine with limited professional areas of use, but it is time to see the real possibilities. It is totally possible to connect an iPad to internal company systems thanks to apps from suppliers like Citrix, SAP and Cisco. Useful to many, not the least sellers and others who are in the field and regard a laptop as a bit awkward to handle.<\/span><\/p>\n<p class=\"p3\"><\/p><\/div>\n<\/div><\/div><div id=\"panel-67-0-1-5\" class=\"so-panel widget widget_sow-editor\" data-index=\"5\" ><div\n\t\t\t\n\t\t\tclass=\"so-widget-sow-editor so-widget-sow-editor-base\"\n\t\t\t\n\t\t>\n<div class=\"siteorigin-widget-tinymce textwidget\">\n\t<h6 id=\"saker\">Directed and secure communication<\/h6>\n<h3 class=\"p1\"><span class=\"s1\">INSTEAD OF A LETTER KNIFE<\/span><\/h3>\n<p class=\"p1\"><span class=\"s1\">A number of Swedish municipalities have a digital case and meeting process. Which means that the municipality provides a tablet and a specific e-mail adress to those who are engaged in the different processes. Instead of slitting open letters and read mailings on paper, the information arrives through the tablet. It is simple, effective and good for the environment.<br \/>\n<\/span><span class=\"s1\">This is a method that will include more and more municipalities and institutions, and it provides new opportunities to reach new contacts and new customers since the tablet isn\u2019t locked to the official information but also can be connected to the services we offer.<br \/>\n<\/span><span class=\"s1\">\u00c4ven Halmstad, Malm\u00f6 och flera andra kommuner har b\u00f6rjat anv\u00e4nda l\u00e4splattor f\u00f6r att informera politiker och tj\u00e4nstem\u00e4n.<\/span><\/p>\n<p class=\"p3\">\n<\/div>\n<\/div><\/div><div id=\"panel-67-0-1-6\" class=\"so-panel widget widget_sow-editor panel-last-child\" data-index=\"6\" ><div\n\t\t\t\n\t\t\tclass=\"so-widget-sow-editor so-widget-sow-editor-base\"\n\t\t\t\n\t\t>\n<div class=\"siteorigin-widget-tinymce textwidget\">\n\t<h6 id=\"personlig\">PERSONAL EFFICIENCY<\/h6>\n<h3 class=\"p1\"><span class=\"s1\">ORDER IN REFLECTING<\/span><\/h3>\n<p class=\"p1\"><span class=\"s1\">You can\u2019t disregard that an iPad has a couple of limitations. The keyboard is not optimal for writing longer texts or need to keep up a higher speed in writing. But if you attend a meeting and want to take notes the tablet is perfect. With a program like Evernote you also easily can synchronize everything from web links and brief memory notes to voice recordings and such between your units. A good method to create digital order.<\/span><\/p>\n<p class=\"p3\">\n<\/div>\n<\/div><\/div><\/div><div id=\"pgc-67-0-2\"  class=\"panel-grid-cell panel-grid-cell-empty\" ><\/div><\/div><\/div><\/div>","protected":false},"excerpt":{"rendered":"<p>F\u00d6RETAG, OFFENTLIG VERKSAMHET, ORGANISATIONER Ingen har sett slutet \u00e4n Man skulle kanske kunna tro att vi n\u00e5tt s\u00e5 l\u00e5ngt vi \u00f6ver huvud taget kan n\u00e5 n\u00e4r det g\u00e4ller digitalisering. Twitter, Facebook, Instagram, mail i mobilen, TV i datorn, Skype \u2026 ja, innovat\u00f6rerna har verkligen varit innovativa n\u00e4r det g\u00e4ller nya finesser i v\u00e5ra apparater och &hellip; <a href=\"https:\/\/universalcheck.se\/en\/foretag-organisationer\/\" title=\"F\u00f6retag &#038; Organisationer\" class=\"read-more\">Read More<\/a><\/p>","protected":false},"author":1,"featured_media":0,"parent":0,"menu_order":0,"comment_status":"closed","ping_status":"closed","template":"","meta":{"footnotes":""},"class_list":["post-67","page","type-page","status-publish","hentry"],"yoast_head":"<!-- This site is optimized with the Yoast SEO plugin v27.4 - https:\/\/yoast.com\/product\/yoast-seo-wordpress\/ -->\n<title>F\u00f6retag &amp; Organisationer - Universal Check<\/title>\n<meta name=\"robots\" content=\"index, follow, max-snippet:-1, max-image-preview:large, max-video-preview:-1\" \/>\n<link rel=\"canonical\" href=\"http:\/\/universalcheck.se\/en\/foretag-organisationer\/\" \/>\n<meta property=\"og:locale\" content=\"en_US\" \/>\n<meta property=\"og:type\" content=\"article\" \/>\n<meta property=\"og:title\" content=\"F\u00f6retag &amp; Organisationer - Universal Check\" \/>\n<meta property=\"og:description\" content=\"F\u00d6RETAG, OFFENTLIG VERKSAMHET, ORGANISATIONER Ingen har sett slutet \u00e4n Man skulle kanske kunna tro att vi n\u00e5tt s\u00e5 l\u00e5ngt vi \u00f6ver huvud taget kan n\u00e5 n\u00e4r det g\u00e4ller digitalisering. Twitter, Facebook, Instagram, mail i mobilen, TV i datorn, Skype \u2026 ja, innovat\u00f6rerna har verkligen varit innovativa n\u00e4r det g\u00e4ller nya finesser i v\u00e5ra apparater och [&hellip;]\" \/>\n<meta property=\"og:url\" content=\"http:\/\/universalcheck.se\/en\/foretag-organisationer\/\" \/>\n<meta property=\"og:site_name\" content=\"Universal Check\" \/>\n<meta property=\"article:modified_time\" content=\"2020-05-15T12:53:13+00:00\" \/>\n<meta name=\"twitter:card\" content=\"summary_large_image\" \/>\n<meta name=\"twitter:label1\" content=\"Est. reading time\" \/>\n\t<meta name=\"twitter:data1\" content=\"3 minutes\" \/>\n<script type=\"application\/ld+json\" class=\"yoast-schema-graph\">{\"@context\":\"https:\\\/\\\/schema.org\",\"@graph\":[{\"@type\":\"WebPage\",\"@id\":\"http:\\\/\\\/universalcheck.se\\\/foretag-organisationer\\\/\",\"url\":\"http:\\\/\\\/universalcheck.se\\\/foretag-organisationer\\\/\",\"name\":\"F\u00f6retag & Organisationer - Universal Check\",\"isPartOf\":{\"@id\":\"http:\\\/\\\/universalcheck.se\\\/#website\"},\"datePublished\":\"2020-03-29T20:36:35+00:00\",\"dateModified\":\"2020-05-15T12:53:13+00:00\",\"breadcrumb\":{\"@id\":\"http:\\\/\\\/universalcheck.se\\\/foretag-organisationer\\\/#breadcrumb\"},\"inLanguage\":\"en-US\",\"potentialAction\":[{\"@type\":\"ReadAction\",\"target\":[\"http:\\\/\\\/universalcheck.se\\\/foretag-organisationer\\\/\"]}]},{\"@type\":\"BreadcrumbList\",\"@id\":\"http:\\\/\\\/universalcheck.se\\\/foretag-organisationer\\\/#breadcrumb\",\"itemListElement\":[{\"@type\":\"ListItem\",\"position\":1,\"name\":\"Hem\",\"item\":\"http:\\\/\\\/universalcheck.se\\\/en\\\/\"},{\"@type\":\"ListItem\",\"position\":2,\"name\":\"F\u00f6retag &#038; Organisationer\"}]},{\"@type\":\"WebSite\",\"@id\":\"http:\\\/\\\/universalcheck.se\\\/#website\",\"url\":\"http:\\\/\\\/universalcheck.se\\\/\",\"name\":\"Universal Check\",\"description\":\"\",\"potentialAction\":[{\"@type\":\"SearchAction\",\"target\":{\"@type\":\"EntryPoint\",\"urlTemplate\":\"http:\\\/\\\/universalcheck.se\\\/?s={search_term_string}\"},\"query-input\":{\"@type\":\"PropertyValueSpecification\",\"valueRequired\":true,\"valueName\":\"search_term_string\"}}],\"inLanguage\":\"en-US\"}]}<\/script>\n<!-- \/ Yoast SEO plugin. -->","yoast_head_json":{"title":"F\u00f6retag & Organisationer - Universal Check","robots":{"index":"index","follow":"follow","max-snippet":"max-snippet:-1","max-image-preview":"max-image-preview:large","max-video-preview":"max-video-preview:-1"},"canonical":"http:\/\/universalcheck.se\/en\/foretag-organisationer\/","og_locale":"en_US","og_type":"article","og_title":"F\u00f6retag & Organisationer - Universal Check","og_description":"F\u00d6RETAG, OFFENTLIG VERKSAMHET, ORGANISATIONER Ingen har sett slutet \u00e4n Man skulle kanske kunna tro att vi n\u00e5tt s\u00e5 l\u00e5ngt vi \u00f6ver huvud taget kan n\u00e5 n\u00e4r det g\u00e4ller digitalisering. Twitter, Facebook, Instagram, mail i mobilen, TV i datorn, Skype \u2026 ja, innovat\u00f6rerna har verkligen varit innovativa n\u00e4r det g\u00e4ller nya finesser i v\u00e5ra apparater och [&hellip;]","og_url":"http:\/\/universalcheck.se\/en\/foretag-organisationer\/","og_site_name":"Universal Check","article_modified_time":"2020-05-15T12:53:13+00:00","twitter_card":"summary_large_image","twitter_misc":{"Est. reading time":"3 minutes"},"schema":{"@context":"https:\/\/schema.org","@graph":[{"@type":"WebPage","@id":"http:\/\/universalcheck.se\/foretag-organisationer\/","url":"http:\/\/universalcheck.se\/foretag-organisationer\/","name":"F\u00f6retag & Organisationer - Universal Check","isPartOf":{"@id":"http:\/\/universalcheck.se\/#website"},"datePublished":"2020-03-29T20:36:35+00:00","dateModified":"2020-05-15T12:53:13+00:00","breadcrumb":{"@id":"http:\/\/universalcheck.se\/foretag-organisationer\/#breadcrumb"},"inLanguage":"en-US","potentialAction":[{"@type":"ReadAction","target":["http:\/\/universalcheck.se\/foretag-organisationer\/"]}]},{"@type":"BreadcrumbList","@id":"http:\/\/universalcheck.se\/foretag-organisationer\/#breadcrumb","itemListElement":[{"@type":"ListItem","position":1,"name":"Hem","item":"http:\/\/universalcheck.se\/en\/"},{"@type":"ListItem","position":2,"name":"F\u00f6retag &#038; Organisationer"}]},{"@type":"WebSite","@id":"http:\/\/universalcheck.se\/#website","url":"http:\/\/universalcheck.se\/","name":"Universal Check","description":"","potentialAction":[{"@type":"SearchAction","target":{"@type":"EntryPoint","urlTemplate":"http:\/\/universalcheck.se\/?s={search_term_string}"},"query-input":{"@type":"PropertyValueSpecification","valueRequired":true,"valueName":"search_term_string"}}],"inLanguage":"en-US"}]}},"_links":{"self":[{"href":"https:\/\/universalcheck.se\/en\/wp-json\/wp\/v2\/pages\/67","targetHints":{"allow":["GET"]}}],"collection":[{"href":"https:\/\/universalcheck.se\/en\/wp-json\/wp\/v2\/pages"}],"about":[{"href":"https:\/\/universalcheck.se\/en\/wp-json\/wp\/v2\/types\/page"}],"author":[{"embeddable":true,"href":"https:\/\/universalcheck.se\/en\/wp-json\/wp\/v2\/users\/1"}],"replies":[{"embeddable":true,"href":"https:\/\/universalcheck.se\/en\/wp-json\/wp\/v2\/comments?post=67"}],"version-history":[{"count":16,"href":"https:\/\/universalcheck.se\/en\/wp-json\/wp\/v2\/pages\/67\/revisions"}],"predecessor-version":[{"id":298,"href":"https:\/\/universalcheck.se\/en\/wp-json\/wp\/v2\/pages\/67\/revisions\/298"}],"wp:attachment":[{"href":"https:\/\/universalcheck.se\/en\/wp-json\/wp\/v2\/media?parent=67"}],"curies":[{"name":"wp","href":"https:\/\/api.w.org\/{rel}","templated":true}]}}