{"id":75,"date":"2020-03-29T20:41:15","date_gmt":"2020-03-29T20:41:15","guid":{"rendered":"http:\/\/universalcheck.se\/?page_id=75"},"modified":"2020-05-19T14:57:06","modified_gmt":"2020-05-19T14:57:06","slug":"samarbetspartners","status":"publish","type":"page","link":"https:\/\/universalcheck.se\/en\/samarbetspartners\/","title":{"rendered":"OUR PARTNERS"},"content":{"rendered":"<div id=\"pl-75\"  class=\"panel-layout\" ><div id=\"pg-75-0\"  class=\"panel-grid panel-has-style\" ><div style=\"padding-top: 25px; \" class=\"panel-row-style panel-row-style-for-75-0\" ><div id=\"pgc-75-0-0\"  class=\"panel-grid-cell panel-grid-cell-empty\" ><\/div><div id=\"pgc-75-0-1\"  class=\"panel-grid-cell panel-grid-cell-mobile-last\" ><div id=\"panel-75-0-1-0\" class=\"so-panel widget widget_sow-image panel-first-child\" data-index=\"0\" ><div\n\t\t\t\n\t\t\tclass=\"so-widget-sow-image so-widget-sow-image-default-8b5b6f678277-75\"\n\t\t\t\n\t\t>\n<div class=\"sow-image-container\">\n\t\t<img \n\tsrc=\"https:\/\/media.universalcheck.se\/2020\/05\/Click-Image-Samarbeten.jpg\" width=\"2000\" height=\"1048\" srcset=\"http:\/\/media.universalcheck.se\/2020\/05\/Click-Image-Samarbeten.jpg 2000w, http:\/\/media.universalcheck.se\/2020\/05\/Click-Image-Samarbeten-300x157.jpg 300w, http:\/\/media.universalcheck.se\/2020\/05\/Click-Image-Samarbeten-1024x537.jpg 1024w, http:\/\/media.universalcheck.se\/2020\/05\/Click-Image-Samarbeten-150x79.jpg 150w, http:\/\/media.universalcheck.se\/2020\/05\/Click-Image-Samarbeten-768x402.jpg 768w, http:\/\/media.universalcheck.se\/2020\/05\/Click-Image-Samarbeten-1536x805.jpg 1536w\" sizes=\"(max-width: 2000px) 100vw, 2000px\" alt=\"\" \t\tclass=\"so-widget-image\"\/>\n\t<\/div>\n\n<\/div><\/div><div id=\"panel-75-0-1-1\" class=\"so-panel widget widget_sow-editor\" data-index=\"1\" ><div\n\t\t\t\n\t\t\tclass=\"so-widget-sow-editor so-widget-sow-editor-base\"\n\t\t\t\n\t\t>\n<div class=\"siteorigin-widget-tinymce textwidget\">\n\t<h1 class=\"p1\"><span class=\"s1\">OUR PARTNERS<\/span><\/h1>\n<\/div>\n<\/div><\/div><div id=\"panel-75-0-1-2\" class=\"so-panel widget widget_sow-editor\" data-index=\"2\" ><div\n\t\t\t\n\t\t\tclass=\"so-widget-sow-editor so-widget-sow-editor-base\"\n\t\t\t\n\t\t>\n<div class=\"siteorigin-widget-tinymce textwidget\">\n\t<p class=\"p1\"><span class=\"s1\">Technique is important. But as least as important is that support, helpdesk, deliveries, quality and possible insurance issues work. We cooperate with world leading brand marks as Apple, Universal Avenue, Cisco and Mireko.<br \/>\n<\/span><span class=\"s1\">Only the best is good enough.<\/span><\/p>\n<\/div>\n<\/div><\/div><div id=\"panel-75-0-1-3\" class=\"so-panel widget widget_sow-editor\" data-index=\"3\" ><div\n\t\t\t\n\t\t\tclass=\"so-widget-sow-editor so-widget-sow-editor-base\"\n\t\t\t\n\t\t>\n<div class=\"siteorigin-widget-tinymce textwidget\">\n\t<h3>RAM \u2013 RESEARCH AND ANALYSIS OF MEDIA<\/h3>\n<\/div>\n<\/div><\/div><div id=\"panel-75-0-1-4\" class=\"so-panel widget widget_sow-editor panel-last-child\" data-index=\"4\" ><div\n\t\t\t\n\t\t\tclass=\"so-widget-sow-editor so-widget-sow-editor-base\"\n\t\t\t\n\t\t>\n<div class=\"siteorigin-widget-tinymce textwidget\">\n\t<p>RAM is the largest database in the world when it comes to standardized measuring of communication in print, TV, radio and digital media. Their employers are around 700 media companies in more than ten countries, among them Wall Street Journal, New York Times, Egmont MTG, Schibsted and Bonniers.<\/p>\n<p>Staffan Hult\u00e9n founded RAM 2002 in companionship with Ola Friskopp and is today Vice President and Head of RAM Consulting and Education. Staffan has an important role with Universal Check as responsible for investigations and analysis.<\/p>\n<\/div>\n<\/div><\/div><\/div><div id=\"pgc-75-0-2\"  class=\"panel-grid-cell panel-grid-cell-empty\" ><\/div><\/div><\/div><\/div>","protected":false},"excerpt":{"rendered":"<p>Samarbetspartners Teknik \u00e4r viktigt. Men minst lika viktigt \u00e4r att support, helpdesk, leveranser, produktkvalitet och eventuella f\u00f6rs\u00e4kringsfr\u00e5gor fungerar. Vi samarbetar med v\u00e4rldsledande varum\u00e4rken som Apple, Universal Avenue, Cisco och Mireko. Endast det b\u00e4sta \u00e4r gott nog. RAM \u2013 Research and Analysis of Media RAM \u00e4r v\u00e4rldens st\u00f6rsta databas f\u00f6r standardiserade m\u00e4tningar av kommunikation i print, &hellip; <a href=\"https:\/\/universalcheck.se\/en\/samarbetspartners\/\" title=\"OUR PARTNERS\" class=\"read-more\">Read More<\/a><\/p>","protected":false},"author":1,"featured_media":0,"parent":0,"menu_order":0,"comment_status":"closed","ping_status":"closed","template":"","meta":{"footnotes":""},"class_list":["post-75","page","type-page","status-publish","hentry"],"yoast_head":"<!-- This site is optimized with the Yoast SEO plugin v27.4 - https:\/\/yoast.com\/product\/yoast-seo-wordpress\/ -->\n<title>Samarbetspartners - Universal Check<\/title>\n<meta name=\"robots\" content=\"index, follow, max-snippet:-1, max-image-preview:large, max-video-preview:-1\" \/>\n<link rel=\"canonical\" href=\"http:\/\/universalcheck.se\/en\/samarbetspartners\/\" \/>\n<meta property=\"og:locale\" content=\"en_US\" \/>\n<meta property=\"og:type\" content=\"article\" \/>\n<meta property=\"og:title\" content=\"Samarbetspartners - Universal Check\" \/>\n<meta property=\"og:description\" content=\"Samarbetspartners Teknik \u00e4r viktigt. Men minst lika viktigt \u00e4r att support, helpdesk, leveranser, produktkvalitet och eventuella f\u00f6rs\u00e4kringsfr\u00e5gor fungerar. Vi samarbetar med v\u00e4rldsledande varum\u00e4rken som Apple, Universal Avenue, Cisco och Mireko. Endast det b\u00e4sta \u00e4r gott nog. RAM \u2013 Research and Analysis of Media RAM \u00e4r v\u00e4rldens st\u00f6rsta databas f\u00f6r standardiserade m\u00e4tningar av kommunikation i print, [&hellip;]\" \/>\n<meta property=\"og:url\" content=\"http:\/\/universalcheck.se\/en\/samarbetspartners\/\" \/>\n<meta property=\"og:site_name\" content=\"Universal Check\" \/>\n<meta property=\"article:modified_time\" content=\"2020-05-19T14:57:06+00:00\" \/>\n<meta name=\"twitter:card\" content=\"summary_large_image\" \/>\n<meta name=\"twitter:label1\" content=\"Est. reading time\" \/>\n\t<meta name=\"twitter:data1\" content=\"1 minute\" \/>\n<script type=\"application\/ld+json\" class=\"yoast-schema-graph\">{\"@context\":\"https:\\\/\\\/schema.org\",\"@graph\":[{\"@type\":\"WebPage\",\"@id\":\"http:\\\/\\\/universalcheck.se\\\/samarbetspartners\\\/\",\"url\":\"http:\\\/\\\/universalcheck.se\\\/samarbetspartners\\\/\",\"name\":\"Samarbetspartners - Universal Check\",\"isPartOf\":{\"@id\":\"http:\\\/\\\/universalcheck.se\\\/#website\"},\"datePublished\":\"2020-03-29T20:41:15+00:00\",\"dateModified\":\"2020-05-19T14:57:06+00:00\",\"breadcrumb\":{\"@id\":\"http:\\\/\\\/universalcheck.se\\\/samarbetspartners\\\/#breadcrumb\"},\"inLanguage\":\"en-US\",\"potentialAction\":[{\"@type\":\"ReadAction\",\"target\":[\"http:\\\/\\\/universalcheck.se\\\/samarbetspartners\\\/\"]}]},{\"@type\":\"BreadcrumbList\",\"@id\":\"http:\\\/\\\/universalcheck.se\\\/samarbetspartners\\\/#breadcrumb\",\"itemListElement\":[{\"@type\":\"ListItem\",\"position\":1,\"name\":\"Hem\",\"item\":\"http:\\\/\\\/universalcheck.se\\\/en\\\/\"},{\"@type\":\"ListItem\",\"position\":2,\"name\":\"Samarbetspartners\"}]},{\"@type\":\"WebSite\",\"@id\":\"http:\\\/\\\/universalcheck.se\\\/#website\",\"url\":\"http:\\\/\\\/universalcheck.se\\\/\",\"name\":\"Universal Check\",\"description\":\"\",\"potentialAction\":[{\"@type\":\"SearchAction\",\"target\":{\"@type\":\"EntryPoint\",\"urlTemplate\":\"http:\\\/\\\/universalcheck.se\\\/?s={search_term_string}\"},\"query-input\":{\"@type\":\"PropertyValueSpecification\",\"valueRequired\":true,\"valueName\":\"search_term_string\"}}],\"inLanguage\":\"en-US\"}]}<\/script>\n<!-- \/ Yoast SEO plugin. -->","yoast_head_json":{"title":"Samarbetspartners - Universal Check","robots":{"index":"index","follow":"follow","max-snippet":"max-snippet:-1","max-image-preview":"max-image-preview:large","max-video-preview":"max-video-preview:-1"},"canonical":"http:\/\/universalcheck.se\/en\/samarbetspartners\/","og_locale":"en_US","og_type":"article","og_title":"Samarbetspartners - Universal Check","og_description":"Samarbetspartners Teknik \u00e4r viktigt. Men minst lika viktigt \u00e4r att support, helpdesk, leveranser, produktkvalitet och eventuella f\u00f6rs\u00e4kringsfr\u00e5gor fungerar. Vi samarbetar med v\u00e4rldsledande varum\u00e4rken som Apple, Universal Avenue, Cisco och Mireko. Endast det b\u00e4sta \u00e4r gott nog. RAM \u2013 Research and Analysis of Media RAM \u00e4r v\u00e4rldens st\u00f6rsta databas f\u00f6r standardiserade m\u00e4tningar av kommunikation i print, [&hellip;]","og_url":"http:\/\/universalcheck.se\/en\/samarbetspartners\/","og_site_name":"Universal Check","article_modified_time":"2020-05-19T14:57:06+00:00","twitter_card":"summary_large_image","twitter_misc":{"Est. reading time":"1 minute"},"schema":{"@context":"https:\/\/schema.org","@graph":[{"@type":"WebPage","@id":"http:\/\/universalcheck.se\/samarbetspartners\/","url":"http:\/\/universalcheck.se\/samarbetspartners\/","name":"Samarbetspartners - Universal Check","isPartOf":{"@id":"http:\/\/universalcheck.se\/#website"},"datePublished":"2020-03-29T20:41:15+00:00","dateModified":"2020-05-19T14:57:06+00:00","breadcrumb":{"@id":"http:\/\/universalcheck.se\/samarbetspartners\/#breadcrumb"},"inLanguage":"en-US","potentialAction":[{"@type":"ReadAction","target":["http:\/\/universalcheck.se\/samarbetspartners\/"]}]},{"@type":"BreadcrumbList","@id":"http:\/\/universalcheck.se\/samarbetspartners\/#breadcrumb","itemListElement":[{"@type":"ListItem","position":1,"name":"Hem","item":"http:\/\/universalcheck.se\/en\/"},{"@type":"ListItem","position":2,"name":"Samarbetspartners"}]},{"@type":"WebSite","@id":"http:\/\/universalcheck.se\/#website","url":"http:\/\/universalcheck.se\/","name":"Universal Check","description":"","potentialAction":[{"@type":"SearchAction","target":{"@type":"EntryPoint","urlTemplate":"http:\/\/universalcheck.se\/?s={search_term_string}"},"query-input":{"@type":"PropertyValueSpecification","valueRequired":true,"valueName":"search_term_string"}}],"inLanguage":"en-US"}]}},"_links":{"self":[{"href":"https:\/\/universalcheck.se\/en\/wp-json\/wp\/v2\/pages\/75","targetHints":{"allow":["GET"]}}],"collection":[{"href":"https:\/\/universalcheck.se\/en\/wp-json\/wp\/v2\/pages"}],"about":[{"href":"https:\/\/universalcheck.se\/en\/wp-json\/wp\/v2\/types\/page"}],"author":[{"embeddable":true,"href":"https:\/\/universalcheck.se\/en\/wp-json\/wp\/v2\/users\/1"}],"replies":[{"embeddable":true,"href":"https:\/\/universalcheck.se\/en\/wp-json\/wp\/v2\/comments?post=75"}],"version-history":[{"count":10,"href":"https:\/\/universalcheck.se\/en\/wp-json\/wp\/v2\/pages\/75\/revisions"}],"predecessor-version":[{"id":315,"href":"https:\/\/universalcheck.se\/en\/wp-json\/wp\/v2\/pages\/75\/revisions\/315"}],"wp:attachment":[{"href":"https:\/\/universalcheck.se\/en\/wp-json\/wp\/v2\/media?parent=75"}],"curies":[{"name":"wp","href":"https:\/\/api.w.org\/{rel}","templated":true}]}}