{"id":77,"date":"2020-03-29T20:41:41","date_gmt":"2020-03-29T20:41:41","guid":{"rendered":"http:\/\/universalcheck.se\/?page_id=77"},"modified":"2020-03-29T20:41:41","modified_gmt":"2020-03-29T20:41:41","slug":"bakgrund","status":"publish","type":"page","link":"https:\/\/universalcheck.se\/en\/bakgrund\/","title":{"rendered":"BACKGROUND"},"content":{"rendered":"<p>The contributors to Universal Check have a solid background from the newspaper business. Editorial as well as in administrative leading positions as manager and market director.<\/p>\n\n\n\n<p>As early as 2008 companies within the concerns of MittMedia and Gota Media a similar campaign, at that time with the combination newspaper and iPod. It turned out well then and it will turn out even better now, considering the digital development. Ipod was a relatively simple precursor to the iPhone.<\/p>\n\n\n\n<p>You can also state that the technical development has reached a peak in the spring of 2020 when the whole community suddenly became digital. Teaching, meetings, entertainment...anything that could be digitized.<\/p>","protected":false},"excerpt":{"rendered":"<p>Medarbetarna i Universal Check har en gedigen bakgrund fr\u00e5n tidningsbranschen. S\u00e5v\u00e4l redaktionellt som i administrativt ledande positioner som VD och marknadschef. Redan 2008 genomf\u00f6rdes inom MittMedia och Gota Media koncernerna en liknande kampanj, d\u00e5 med kombinationen tidning och iPod. Den fungerade bra d\u00e5 och kommer att fungera \u00e4nnu b\u00e4ttre nu med tanke p\u00e5 den tekniska &hellip; <a href=\"https:\/\/universalcheck.se\/en\/bakgrund\/\" title=\"BACKGROUND\" class=\"read-more\">Read More<\/a><\/p>","protected":false},"author":1,"featured_media":0,"parent":0,"menu_order":0,"comment_status":"closed","ping_status":"closed","template":"","meta":{"footnotes":""},"class_list":["post-77","page","type-page","status-publish","hentry"],"yoast_head":"<!-- This site is optimized with the Yoast SEO plugin v27.4 - https:\/\/yoast.com\/product\/yoast-seo-wordpress\/ -->\n<title>Bakgrund - Universal Check<\/title>\n<meta name=\"robots\" content=\"index, follow, max-snippet:-1, max-image-preview:large, max-video-preview:-1\" \/>\n<link rel=\"canonical\" href=\"http:\/\/universalcheck.se\/en\/bakgrund\/\" \/>\n<meta property=\"og:locale\" content=\"en_US\" \/>\n<meta property=\"og:type\" content=\"article\" \/>\n<meta property=\"og:title\" content=\"Bakgrund - Universal Check\" \/>\n<meta property=\"og:description\" content=\"Medarbetarna i Universal Check har en gedigen bakgrund fr\u00e5n tidningsbranschen. S\u00e5v\u00e4l redaktionellt som i administrativt ledande positioner som VD och marknadschef. Redan 2008 genomf\u00f6rdes inom MittMedia och Gota Media koncernerna en liknande kampanj, d\u00e5 med kombinationen tidning och iPod. Den fungerade bra d\u00e5 och kommer att fungera \u00e4nnu b\u00e4ttre nu med tanke p\u00e5 den tekniska [&hellip;]\" \/>\n<meta property=\"og:url\" content=\"http:\/\/universalcheck.se\/en\/bakgrund\/\" \/>\n<meta property=\"og:site_name\" content=\"Universal Check\" \/>\n<meta name=\"twitter:card\" content=\"summary_large_image\" \/>\n<meta name=\"twitter:label1\" content=\"Est. reading time\" \/>\n\t<meta name=\"twitter:data1\" content=\"1 minute\" \/>\n<script type=\"application\/ld+json\" class=\"yoast-schema-graph\">{\"@context\":\"https:\\\/\\\/schema.org\",\"@graph\":[{\"@type\":\"WebPage\",\"@id\":\"http:\\\/\\\/universalcheck.se\\\/bakgrund\\\/\",\"url\":\"http:\\\/\\\/universalcheck.se\\\/bakgrund\\\/\",\"name\":\"Bakgrund - Universal Check\",\"isPartOf\":{\"@id\":\"http:\\\/\\\/universalcheck.se\\\/#website\"},\"datePublished\":\"2020-03-29T20:41:41+00:00\",\"breadcrumb\":{\"@id\":\"http:\\\/\\\/universalcheck.se\\\/bakgrund\\\/#breadcrumb\"},\"inLanguage\":\"en-US\",\"potentialAction\":[{\"@type\":\"ReadAction\",\"target\":[\"http:\\\/\\\/universalcheck.se\\\/bakgrund\\\/\"]}]},{\"@type\":\"BreadcrumbList\",\"@id\":\"http:\\\/\\\/universalcheck.se\\\/bakgrund\\\/#breadcrumb\",\"itemListElement\":[{\"@type\":\"ListItem\",\"position\":1,\"name\":\"Hem\",\"item\":\"http:\\\/\\\/universalcheck.se\\\/en\\\/\"},{\"@type\":\"ListItem\",\"position\":2,\"name\":\"Bakgrund\"}]},{\"@type\":\"WebSite\",\"@id\":\"http:\\\/\\\/universalcheck.se\\\/#website\",\"url\":\"http:\\\/\\\/universalcheck.se\\\/\",\"name\":\"Universal Check\",\"description\":\"\",\"potentialAction\":[{\"@type\":\"SearchAction\",\"target\":{\"@type\":\"EntryPoint\",\"urlTemplate\":\"http:\\\/\\\/universalcheck.se\\\/?s={search_term_string}\"},\"query-input\":{\"@type\":\"PropertyValueSpecification\",\"valueRequired\":true,\"valueName\":\"search_term_string\"}}],\"inLanguage\":\"en-US\"}]}<\/script>\n<!-- \/ Yoast SEO plugin. -->","yoast_head_json":{"title":"Bakgrund - Universal Check","robots":{"index":"index","follow":"follow","max-snippet":"max-snippet:-1","max-image-preview":"max-image-preview:large","max-video-preview":"max-video-preview:-1"},"canonical":"http:\/\/universalcheck.se\/en\/bakgrund\/","og_locale":"en_US","og_type":"article","og_title":"Bakgrund - Universal Check","og_description":"Medarbetarna i Universal Check har en gedigen bakgrund fr\u00e5n tidningsbranschen. S\u00e5v\u00e4l redaktionellt som i administrativt ledande positioner som VD och marknadschef. Redan 2008 genomf\u00f6rdes inom MittMedia och Gota Media koncernerna en liknande kampanj, d\u00e5 med kombinationen tidning och iPod. Den fungerade bra d\u00e5 och kommer att fungera \u00e4nnu b\u00e4ttre nu med tanke p\u00e5 den tekniska [&hellip;]","og_url":"http:\/\/universalcheck.se\/en\/bakgrund\/","og_site_name":"Universal Check","twitter_card":"summary_large_image","twitter_misc":{"Est. reading time":"1 minute"},"schema":{"@context":"https:\/\/schema.org","@graph":[{"@type":"WebPage","@id":"http:\/\/universalcheck.se\/bakgrund\/","url":"http:\/\/universalcheck.se\/bakgrund\/","name":"Bakgrund - Universal Check","isPartOf":{"@id":"http:\/\/universalcheck.se\/#website"},"datePublished":"2020-03-29T20:41:41+00:00","breadcrumb":{"@id":"http:\/\/universalcheck.se\/bakgrund\/#breadcrumb"},"inLanguage":"en-US","potentialAction":[{"@type":"ReadAction","target":["http:\/\/universalcheck.se\/bakgrund\/"]}]},{"@type":"BreadcrumbList","@id":"http:\/\/universalcheck.se\/bakgrund\/#breadcrumb","itemListElement":[{"@type":"ListItem","position":1,"name":"Hem","item":"http:\/\/universalcheck.se\/en\/"},{"@type":"ListItem","position":2,"name":"Bakgrund"}]},{"@type":"WebSite","@id":"http:\/\/universalcheck.se\/#website","url":"http:\/\/universalcheck.se\/","name":"Universal Check","description":"","potentialAction":[{"@type":"SearchAction","target":{"@type":"EntryPoint","urlTemplate":"http:\/\/universalcheck.se\/?s={search_term_string}"},"query-input":{"@type":"PropertyValueSpecification","valueRequired":true,"valueName":"search_term_string"}}],"inLanguage":"en-US"}]}},"_links":{"self":[{"href":"https:\/\/universalcheck.se\/en\/wp-json\/wp\/v2\/pages\/77","targetHints":{"allow":["GET"]}}],"collection":[{"href":"https:\/\/universalcheck.se\/en\/wp-json\/wp\/v2\/pages"}],"about":[{"href":"https:\/\/universalcheck.se\/en\/wp-json\/wp\/v2\/types\/page"}],"author":[{"embeddable":true,"href":"https:\/\/universalcheck.se\/en\/wp-json\/wp\/v2\/users\/1"}],"replies":[{"embeddable":true,"href":"https:\/\/universalcheck.se\/en\/wp-json\/wp\/v2\/comments?post=77"}],"version-history":[{"count":1,"href":"https:\/\/universalcheck.se\/en\/wp-json\/wp\/v2\/pages\/77\/revisions"}],"predecessor-version":[{"id":78,"href":"https:\/\/universalcheck.se\/en\/wp-json\/wp\/v2\/pages\/77\/revisions\/78"}],"wp:attachment":[{"href":"https:\/\/universalcheck.se\/en\/wp-json\/wp\/v2\/media?parent=77"}],"curies":[{"name":"wp","href":"https:\/\/api.w.org\/{rel}","templated":true}]}}